{"id":13,"date":"2024-05-14T10:54:12","date_gmt":"2024-05-14T08:54:12","guid":{"rendered":"https:\/\/dentsanaclinic.com\/?page_id=13"},"modified":"2025-06-17T19:54:04","modified_gmt":"2025-06-17T17:54:04","slug":"especialidades-tratamientos","status":"publish","type":"page","link":"https:\/\/dentsanaclinic.com\/en\/specialities-treatments\/","title":{"rendered":"Specialities"},"content":{"rendered":"","protected":false},"excerpt":{"rendered":"","protected":false},"author":1,"featured_media":144,"parent":0,"menu_order":0,"comment_status":"open","ping_status":"closed","template":"","meta":{"footnotes":""},"class_list":["post-13","page","type-page","status-publish","has-post-thumbnail","hentry"],"mfn_single-post_template":null,"mfn-post-intro":null,"mfn-post-hide-image":null,"mfn-post-love":null,"_elementor_template_type":null,"_elementor_version":null,"mfn-post-template":null,"_yoast_wpseo_primary_category":null,"mfn-post-header-bg":null,"yoast_head":"<!-- This site is optimized with the Yoast SEO plugin v27.3 - https:\/\/yoast.com\/product\/yoast-seo-wordpress\/ -->\n<title>Tratamientos Dentales en Lanzarote | Dentsana Clinic<\/title>\n<meta name=\"description\" content=\"Descubre nuestras especialidades dentales: implantes, ortodoncia, est\u00e9tica y m\u00e1s. Tratamientos personalizados en Lanzarote con tecnolog\u00eda avanzada.\" \/>\n<meta name=\"robots\" content=\"index, follow, max-snippet:-1, max-image-preview:large, max-video-preview:-1\" \/>\n<link rel=\"canonical\" href=\"https:\/\/dentsanaclinic.com\/en\/specialities-treatments\/\" \/>\n<meta property=\"og:locale\" content=\"en_GB\" \/>\n<meta property=\"og:type\" content=\"article\" \/>\n<meta property=\"og:title\" content=\"Tratamientos Dentales en Lanzarote | Dentsana Clinic\" \/>\n<meta property=\"og:description\" content=\"Descubre nuestras especialidades dentales: implantes, ortodoncia, est\u00e9tica y m\u00e1s. Tratamientos personalizados en Lanzarote con tecnolog\u00eda avanzada.\" \/>\n<meta property=\"og:url\" content=\"https:\/\/dentsanaclinic.com\/en\/specialities-treatments\/\" \/>\n<meta property=\"og:site_name\" content=\"Dentsana Clinic\" \/>\n<meta property=\"article:modified_time\" content=\"2025-06-17T17:54:04+00:00\" \/>\n<meta property=\"og:image\" content=\"https:\/\/dentsanaclinic.com\/wp-content\/uploads\/2024\/05\/sonrisa.jpg\" \/>\n\t<meta property=\"og:image:width\" content=\"995\" \/>\n\t<meta property=\"og:image:height\" content=\"663\" \/>\n\t<meta property=\"og:image:type\" content=\"image\/jpeg\" \/>\n<meta name=\"twitter:card\" content=\"summary_large_image\" \/>\n<meta name=\"twitter:label1\" content=\"Estimated reading time\" \/>\n\t<meta name=\"twitter:data1\" content=\"1 minute\" \/>\n<script type=\"application\/ld+json\" class=\"yoast-schema-graph\">{\"@context\":\"https:\\\/\\\/schema.org\",\"@graph\":[{\"@type\":\"WebPage\",\"@id\":\"https:\\\/\\\/dentsanaclinic.com\\\/especialidades-tratamientos\\\/\",\"url\":\"https:\\\/\\\/dentsanaclinic.com\\\/especialidades-tratamientos\\\/\",\"name\":\"Tratamientos Dentales en Lanzarote | Dentsana Clinic\",\"isPartOf\":{\"@id\":\"https:\\\/\\\/dentsanaclinic.com\\\/#website\"},\"primaryImageOfPage\":{\"@id\":\"https:\\\/\\\/dentsanaclinic.com\\\/especialidades-tratamientos\\\/#primaryimage\"},\"image\":{\"@id\":\"https:\\\/\\\/dentsanaclinic.com\\\/especialidades-tratamientos\\\/#primaryimage\"},\"thumbnailUrl\":\"https:\\\/\\\/dentsanaclinic.com\\\/wp-content\\\/uploads\\\/2024\\\/05\\\/sonrisa.jpg\",\"datePublished\":\"2024-05-14T08:54:12+00:00\",\"dateModified\":\"2025-06-17T17:54:04+00:00\",\"description\":\"Descubre nuestras especialidades dentales: implantes, ortodoncia, est\u00e9tica y m\u00e1s. Tratamientos personalizados en Lanzarote con tecnolog\u00eda avanzada.\",\"breadcrumb\":{\"@id\":\"https:\\\/\\\/dentsanaclinic.com\\\/especialidades-tratamientos\\\/#breadcrumb\"},\"inLanguage\":\"en-GB\",\"potentialAction\":[{\"@type\":\"ReadAction\",\"target\":[\"https:\\\/\\\/dentsanaclinic.com\\\/especialidades-tratamientos\\\/\"]}]},{\"@type\":\"ImageObject\",\"inLanguage\":\"en-GB\",\"@id\":\"https:\\\/\\\/dentsanaclinic.com\\\/especialidades-tratamientos\\\/#primaryimage\",\"url\":\"https:\\\/\\\/dentsanaclinic.com\\\/wp-content\\\/uploads\\\/2024\\\/05\\\/sonrisa.jpg\",\"contentUrl\":\"https:\\\/\\\/dentsanaclinic.com\\\/wp-content\\\/uploads\\\/2024\\\/05\\\/sonrisa.jpg\",\"width\":995,\"height\":663},{\"@type\":\"BreadcrumbList\",\"@id\":\"https:\\\/\\\/dentsanaclinic.com\\\/especialidades-tratamientos\\\/#breadcrumb\",\"itemListElement\":[{\"@type\":\"ListItem\",\"position\":1,\"name\":\"Portada\",\"item\":\"https:\\\/\\\/dentsanaclinic.com\\\/\"},{\"@type\":\"ListItem\",\"position\":2,\"name\":\"Especialidades\"}]},{\"@type\":\"WebSite\",\"@id\":\"https:\\\/\\\/dentsanaclinic.com\\\/#website\",\"url\":\"https:\\\/\\\/dentsanaclinic.com\\\/\",\"name\":\"Dentsana Clinic\",\"description\":\"Clinica dental en Costa Teguise, Dentsana Clinic\",\"publisher\":{\"@id\":\"https:\\\/\\\/dentsanaclinic.com\\\/#organization\"},\"alternateName\":\"Clinica dental Dentsana\",\"potentialAction\":[{\"@type\":\"SearchAction\",\"target\":{\"@type\":\"EntryPoint\",\"urlTemplate\":\"https:\\\/\\\/dentsanaclinic.com\\\/?s={search_term_string}\"},\"query-input\":{\"@type\":\"PropertyValueSpecification\",\"valueRequired\":true,\"valueName\":\"search_term_string\"}}],\"inLanguage\":\"en-GB\"},{\"@type\":\"Organization\",\"@id\":\"https:\\\/\\\/dentsanaclinic.com\\\/#organization\",\"name\":\"Dentsana Clinic\",\"url\":\"https:\\\/\\\/dentsanaclinic.com\\\/\",\"logo\":{\"@type\":\"ImageObject\",\"inLanguage\":\"en-GB\",\"@id\":\"https:\\\/\\\/dentsanaclinic.com\\\/#\\\/schema\\\/logo\\\/image\\\/\",\"url\":\"https:\\\/\\\/dentsanaclinic.com\\\/wp-content\\\/uploads\\\/2024\\\/05\\\/logo-dentsana.png\",\"contentUrl\":\"https:\\\/\\\/dentsanaclinic.com\\\/wp-content\\\/uploads\\\/2024\\\/05\\\/logo-dentsana.png\",\"width\":792,\"height\":150,\"caption\":\"Dentsana Clinic\"},\"image\":{\"@id\":\"https:\\\/\\\/dentsanaclinic.com\\\/#\\\/schema\\\/logo\\\/image\\\/\"}}]}<\/script>\n<!-- \/ Yoast SEO plugin. -->","yoast_head_json":{"title":"Dental Treatments in Lanzarote | Dentsana Clinic","description":"Discover our dental specialities: implants, orthodontics, aesthetics and more. Personalised treatments in Lanzarote with advanced technology.","robots":{"index":"index","follow":"follow","max-snippet":"max-snippet:-1","max-image-preview":"max-image-preview:large","max-video-preview":"max-video-preview:-1"},"canonical":"https:\/\/dentsanaclinic.com\/en\/specialities-treatments\/","og_locale":"en_GB","og_type":"article","og_title":"Tratamientos Dentales en Lanzarote | Dentsana Clinic","og_description":"Descubre nuestras especialidades dentales: implantes, ortodoncia, est\u00e9tica y m\u00e1s. Tratamientos personalizados en Lanzarote con tecnolog\u00eda avanzada.","og_url":"https:\/\/dentsanaclinic.com\/en\/specialities-treatments\/","og_site_name":"Dentsana Clinic","article_modified_time":"2025-06-17T17:54:04+00:00","og_image":[{"width":995,"height":663,"url":"https:\/\/dentsanaclinic.com\/wp-content\/uploads\/2024\/05\/sonrisa.jpg","type":"image\/jpeg"}],"twitter_card":"summary_large_image","twitter_misc":{"Estimated reading time":"1 minute"},"schema":{"@context":"https:\/\/schema.org","@graph":[{"@type":"WebPage","@id":"https:\/\/dentsanaclinic.com\/especialidades-tratamientos\/","url":"https:\/\/dentsanaclinic.com\/especialidades-tratamientos\/","name":"Dental Treatments in Lanzarote | Dentsana Clinic","isPartOf":{"@id":"https:\/\/dentsanaclinic.com\/#website"},"primaryImageOfPage":{"@id":"https:\/\/dentsanaclinic.com\/especialidades-tratamientos\/#primaryimage"},"image":{"@id":"https:\/\/dentsanaclinic.com\/especialidades-tratamientos\/#primaryimage"},"thumbnailUrl":"https:\/\/dentsanaclinic.com\/wp-content\/uploads\/2024\/05\/sonrisa.jpg","datePublished":"2024-05-14T08:54:12+00:00","dateModified":"2025-06-17T17:54:04+00:00","description":"Discover our dental specialities: implants, orthodontics, aesthetics and more. Personalised treatments in Lanzarote with advanced technology.","breadcrumb":{"@id":"https:\/\/dentsanaclinic.com\/especialidades-tratamientos\/#breadcrumb"},"inLanguage":"en-GB","potentialAction":[{"@type":"ReadAction","target":["https:\/\/dentsanaclinic.com\/especialidades-tratamientos\/"]}]},{"@type":"ImageObject","inLanguage":"en-GB","@id":"https:\/\/dentsanaclinic.com\/especialidades-tratamientos\/#primaryimage","url":"https:\/\/dentsanaclinic.com\/wp-content\/uploads\/2024\/05\/sonrisa.jpg","contentUrl":"https:\/\/dentsanaclinic.com\/wp-content\/uploads\/2024\/05\/sonrisa.jpg","width":995,"height":663},{"@type":"BreadcrumbList","@id":"https:\/\/dentsanaclinic.com\/especialidades-tratamientos\/#breadcrumb","itemListElement":[{"@type":"ListItem","position":1,"name":"Portada","item":"https:\/\/dentsanaclinic.com\/"},{"@type":"ListItem","position":2,"name":"Especialidades"}]},{"@type":"WebSite","@id":"https:\/\/dentsanaclinic.com\/#website","url":"https:\/\/dentsanaclinic.com\/","name":"Dentsana Clinic","description":"Dental clinic in Costa Teguise, Dentsana Clinic","publisher":{"@id":"https:\/\/dentsanaclinic.com\/#organization"},"alternateName":"Clinica dental Dentsana","potentialAction":[{"@type":"SearchAction","target":{"@type":"EntryPoint","urlTemplate":"https:\/\/dentsanaclinic.com\/?s={search_term_string}"},"query-input":{"@type":"PropertyValueSpecification","valueRequired":true,"valueName":"search_term_string"}}],"inLanguage":"en-GB"},{"@type":"Organization","@id":"https:\/\/dentsanaclinic.com\/#organization","name":"Dentsana Clinic","url":"https:\/\/dentsanaclinic.com\/","logo":{"@type":"ImageObject","inLanguage":"en-GB","@id":"https:\/\/dentsanaclinic.com\/#\/schema\/logo\/image\/","url":"https:\/\/dentsanaclinic.com\/wp-content\/uploads\/2024\/05\/logo-dentsana.png","contentUrl":"https:\/\/dentsanaclinic.com\/wp-content\/uploads\/2024\/05\/logo-dentsana.png","width":792,"height":150,"caption":"Dentsana Clinic"},"image":{"@id":"https:\/\/dentsanaclinic.com\/#\/schema\/logo\/image\/"}}]}},"_links":{"self":[{"href":"https:\/\/dentsanaclinic.com\/en\/wp-json\/wp\/v2\/pages\/13","targetHints":{"allow":["GET"]}}],"collection":[{"href":"https:\/\/dentsanaclinic.com\/en\/wp-json\/wp\/v2\/pages"}],"about":[{"href":"https:\/\/dentsanaclinic.com\/en\/wp-json\/wp\/v2\/types\/page"}],"author":[{"embeddable":true,"href":"https:\/\/dentsanaclinic.com\/en\/wp-json\/wp\/v2\/users\/1"}],"replies":[{"embeddable":true,"href":"https:\/\/dentsanaclinic.com\/en\/wp-json\/wp\/v2\/comments?post=13"}],"version-history":[{"count":2,"href":"https:\/\/dentsanaclinic.com\/en\/wp-json\/wp\/v2\/pages\/13\/revisions"}],"predecessor-version":[{"id":185,"href":"https:\/\/dentsanaclinic.com\/en\/wp-json\/wp\/v2\/pages\/13\/revisions\/185"}],"wp:featuredmedia":[{"embeddable":true,"href":"https:\/\/dentsanaclinic.com\/en\/wp-json\/wp\/v2\/media\/144"}],"wp:attachment":[{"href":"https:\/\/dentsanaclinic.com\/en\/wp-json\/wp\/v2\/media?parent=13"}],"curies":[{"name":"wp","href":"https:\/\/api.w.org\/{rel}","templated":true}]}}