{"id":2,"date":"2024-05-15T14:33:56","date_gmt":"2024-05-15T12:33:56","guid":{"rendered":"https:\/\/dentsanaclinic.com\/?page_id=2"},"modified":"2025-06-17T19:57:10","modified_gmt":"2025-06-17T17:57:10","slug":"inicio","status":"publish","type":"page","link":"https:\/\/dentsanaclinic.com\/en\/","title":{"rendered":"Home"},"content":{"rendered":"<h6>LANZAROTE<\/h6>\n<h1>Dentsana Clinic Dental clinic in Costa Teguise<\/h1>\n<p><a title=\"\" href=\"https:\/\/dentsanaclinic.com\/en\/contact\/\">Contact us at<\/a><br \/>\n<a title=\"\" href=\"https:\/\/dentsanaclinic.com\/en\/dental-emergencies\/\">Dental emergencies<\/a><br \/>\n<img decoding=\"async\" src=\"https:\/\/dentsanaclinic.com\/wp-content\/uploads\/2024\/05\/pp.png\" alt=\"\" \/><br \/>\n<img decoding=\"async\" src=\"https:\/\/dentsanaclinic.com\/wp-content\/uploads\/2024\/05\/box-perfil-home.jpg\" alt=\"\" \/><\/p>\n<h4>Your trusted dental clinic<\/h4>\n<p>At Dentsana Clinic, your oral health is our priority. Located in Costa Teguise, Lanzarote, we offer quality dental care with a personalised and professional approach. Our team of expert dentists use state-of-the-art technology to provide a wide range of services, from general dentistry to specialties such as implantology, orthodontics and cosmetic dentistry. We are dedicated to ensuring that every visit is comfortable and effective, helping you achieve and maintain a healthy, radiant smile. <a href=\"https:\/\/dentsanaclinic.com\/en\/contact\/\">Book your appointment today and discover the difference of exceptional dental care!<\/a><\/p>\n<h4>Our specialities: Your smile in the best hands<\/h4>\n<p>At Dentsana Clinic, we pride ourselves on offering a wide range of dental specialties to meet your every need. Our team of experts is made up of dentists, orthodontists, periodontists and implantologists, all committed to providing you with personalised and effective treatments.<br \/>\n<a href=\"https:\/\/dentsanaclinic.com\/en\/dental-emergencies\/\">Dental emergency service: Always there for you when you need us most<\/a><br \/>\nAt Dentsana Clinic we understand that dental emergencies can occur at any time. That's why we offer a dental emergency service available to treat you quickly and relieve your pain efficiently. Our team is prepared to treat problems such as broken teeth, acute pain, infections and more, ensuring a quick and effective response.<br \/>\nTechnology and Comfort: A Different Dental Experience<br \/>\nOur three treatment rooms are designed to offer you maximum comfort and are equipped with the latest dental technology. From digital X-rays to advanced diagnostic systems, at Dentsana Clinic we combine innovation and experience to provide you with the best possible care.<br \/>\nVisit us and find out why we are the <a href=\"https:\/\/dentsanaclinic.com\/en\/we\/\">dental clinic you can trust<\/a> for so many patients since 2009. At Dentsana Clinic, your dental health is our priority.<\/p>\n<h6>Our specialities<\/h6>\n<h2>Why Choose Dentsana Clinic?<\/h2>\n<h3>Personalised and professional attention<\/h3>\n<p>At Dentsana Clinic, every patient is unique. We are dedicated to understanding your needs and concerns, providing personalised treatments that are tailored to your individual situation. Our team of highly qualified professionals uses state-of-the-art technology to ensure the best results at every visit.<img decoding=\"async\" src=\"https:\/\/dentsanaclinic.com\/wp-content\/uploads\/2024\/05\/cara-500x337.jpg\" alt=\"\" \/><\/p>\n<h4>Implantology<\/h4>\n<p>We offer advanced dental implantology services in Costa Teguise. Our state-of-the-art dental implants provide a durable and natural solution to replace missing teeth, improving both the function and aesthetics of your smile.<br \/>\n<a title=\"\" href=\"https:\/\/dentsanaclinic.com\/en\/specialities-treatments\/#implantologia\">Further information<\/a><br \/>\n<img decoding=\"async\" src=\"https:\/\/dentsanaclinic.com\/wp-content\/uploads\/2024\/05\/doctora-scaled.jpg\" alt=\"\" \/><\/p>\n<h4>Oral surgery<\/h4>\n<p>We offer oral surgery procedures with the utmost precision and care. From complex extractions to implant placement, our oral surgeons use advanced techniques to ensure your comfort and a speedy recovery.<br \/>\n<a title=\"\" href=\"https:\/\/dentsanaclinic.com\/en\/specialities-treatments\/#cirugia-oral\">Further information<\/a><br \/>\n<img decoding=\"async\" src=\"https:\/\/dentsanaclinic.com\/wp-content\/uploads\/2024\/05\/endodoncia.jpg\" alt=\"\" \/><\/p>\n<h4>Endodontics<\/h4>\n<p>We are experts in endodontics, also known as root canal treatment. We use advanced techniques to treat and save severely damaged or infected teeth, eliminating pain and restoring dental health.<br \/>\n<a title=\"\" href=\"https:\/\/dentsanaclinic.com\/en\/specialities-treatments\/#endodoncia\">Further information<\/a><br \/>\n<img decoding=\"async\" src=\"https:\/\/dentsanaclinic.com\/wp-content\/uploads\/2024\/05\/sonrisa-500x333.jpg\" alt=\"\" \/><\/p>\n<h4>Dental aesthetics<\/h4>\n<p>Enhance your smile with our cosmetic dentistry treatments. We offer teeth whitening, porcelain veneers and other aesthetic procedures to enhance the beauty of your smile, providing dazzling and natural results.<br \/>\n<a title=\"\" href=\"https:\/\/dentsanaclinic.com\/en\/specialities-treatments\/#estetica-dental\">Further information<\/a><br \/>\n<img decoding=\"async\" src=\"https:\/\/dentsanaclinic.com\/wp-content\/uploads\/2024\/06\/tac-dentral-500x333.jpg\" alt=\"\" \/><\/p>\n<h4>Advanced dental technology<\/h4>\n<p>We offer the latest dental technology to provide our patients with a first-class dental care experience. Our clinic brings together the latest innovations and tools in the field of dentistry, ensuring accurate diagnoses and effective treatments.<br \/>\n<a title=\"\" href=\"https:\/\/dentsanaclinic.com\/en\/specialities-treatments\/#tecnologia\">Further information<\/a><br \/>\n<img decoding=\"async\" src=\"https:\/\/dentsanaclinic.com\/wp-content\/uploads\/2024\/05\/ortodoncia-home-500x333.jpg\" alt=\"\" \/><\/p>\n<h4>Orthodontics<\/h4>\n<p>Correct the alignment of your teeth with our orthodontic treatments. We offer options such as traditional brackets and invisible aligners to achieve a perfectly aligned and functional smile at any stage of life.<br \/>\n<a title=\"\" href=\"https:\/\/dentsanaclinic.com\/en\/specialities-treatments\/#ortodoncia\">Further information<\/a><\/p>\n<h2>Why choose Dentsana Clinic?<\/h2>\n<p><a title=\"\" href=\"#\">Experiences<\/a><\/p>\n<h5>We offer treatments tailored to your individual needs with a professional and caring approach.<\/h5>\n<p>Personalised attention:<\/p>\n<h5>We use the latest technologies in dentistry to ensure accurate and effective treatments.<\/h5>\n<p>Advanced technology<\/p>\n<h5>We provide a wide range of dental services, from general dentistry to specialties such as implantology and orthodontics.<\/h5>\n<p>Wide range of services<img decoding=\"async\" src=\"https:\/\/dentsanaclinic.com\/wp-content\/uploads\/2024\/05\/clinica-fachada.jpg\" alt=\"\" \/><\/p>\n<h3>Book your appointment today and start your journey to a healthier, more radiant smile.<\/h3>\n<h5>Av. las Palmeras<br \/>\n- Costa Teguise, Lanzarote<\/h5>\n<p><a title=\"\" href=\"https:\/\/dentsanaclinic.com\/en\/contact\/\">Contact us now<\/a><\/p>\n<h2>Trust<\/h2>\n<h5>We are proud to have the trust and satisfaction of our patients. Their opinions and reviews are a reflection of our team's commitment and dedication to providing quality dental care. Here are some of the reviews from our customers on Google<\/h5>\n<p><img decoding=\"async\" src=\"https:\/\/dentsanaclinic.com\/wp-content\/uploads\/2024\/05\/box-vacio.jpg\" alt=\"\" \/><\/p>\n<h4>4.9<\/h4>\n<p>What our patients say Excellent Based on 28 reviews <img decoding=\"async\" src=\"https:\/\/cdn.trustindex.io\/assets\/platform\/Google\/logo.svg\" alt=\"Google\" \/> <img decoding=\"async\" src=\"https:\/\/lh3.googleusercontent.com\/a\/ACg8ocKynq05Kn7t6QKV2MM38CzwAZQi05hQffQJ_trc1nl6oV2ygg=s120-c-rp-mo-br100\" alt=\"Push The Button\" \/> Push The Button 3 January 2024 <!-- R-CONTENT -->Very good and fast, speaks English<!-- R-CONTENT --> <img decoding=\"async\" src=\"https:\/\/lh3.googleusercontent.com\/a-\/ALV-UjV6YIMZxT6G1BEMoGaZcIZjc4DgdenWe6Rq0--1OFEwfT6JuJ1z=s120-c-rp-mo-br100\" alt=\"patrisolyluna55\" \/> patrisolyluna55 4 October 2023 <!-- R-CONTENT -->Friendliness, speed and optimal problem solving<!-- R-CONTENT --> <img decoding=\"async\" src=\"https:\/\/lh3.googleusercontent.com\/a-\/ALV-UjVnkc5L9-rs10KEQd6QzZ_E2wiDRi8Da0MsST8dDfac1U9W3fNq=s120-c-rp-mo-ba4-br100\" alt=\"Zineb\" \/> Zineb 11 June 2023 <!-- R-CONTENT -->I usually have my teeth cleaned and I really like the way they do it, and they are very friendly.<!-- R-CONTENT --> <img decoding=\"async\" src=\"https:\/\/lh3.googleusercontent.com\/a\/ACg8ocLYf4nXWHzdG38ZjIlZa-E3pu73q8hLNvT-Ux7JrWtQSLv2LQ=s120-c-rp-mo-br100\" alt=\"Tim Swarbrick\" \/> Tim Swarbrick 7 June 2023 <!-- R-CONTENT -->Excellent service, had a wisdom tooth extracted, hardly any pain. Very professional clinic and dentist.<!-- R-CONTENT --> <img decoding=\"async\" src=\"https:\/\/lh3.googleusercontent.com\/a\/ACg8ocIg4kryjYRC-7yQpO358TnD5imkmzKe9t3cgom6dK9j8x7G0w=s120-c-rp-mo-br100\" alt=\"Parisa\" \/> Parisa 10 May 2023 <!-- R-CONTENT -->I needed an emergency appointment and they were very accommodating. The dentist and staff are amazing<!-- R-CONTENT --> <img decoding=\"async\" src=\"https:\/\/lh3.googleusercontent.com\/a-\/ALV-UjUo1Ta96mTV7GwWCzYrmepN1OgTB4931bCXn7vRnkhrYLKRs9s=s120-c-rp-mo-ba2-br100\" alt=\"Pineapple HAZE\" \/> Pineapple HAZE 13 April 2023 <!-- R-CONTENT -->Fantastic, I found a friendly staff, impeccable service, agile and totally efficient work. It was very important for me to solve my tooth problem and Dentsana Clinic helped me in a professional way. I totally appreciate your support. Best regards.<!-- R-CONTENT --> <img decoding=\"async\" src=\"https:\/\/lh3.googleusercontent.com\/a\/ACg8ocJ1VCg833F7OAZOycnZePKbIqzxXxnUDzTtF9y-luzx5o2RRg=s120-c-rp-mo-br100\" alt=\"Ah ha Ah ha\" \/> Ah ha Ah ha 4 April 2023 <!-- R-CONTENT -->Sehr sehr freundlich - sehr kompetent- sehr gepflegt und sch\u00f6n<!-- R-CONTENT --> <img decoding=\"async\" src=\"https:\/\/lh3.googleusercontent.com\/a-\/ALV-UjVF8wFV5WI0IxsN_fc0u87LHYLEKixzG2T2y-CFt7_Yrug1kr3jaw=s120-c-rp-mo-ba4-br100\" alt=\"Stephane Cerf\" \/> Stephane Cerf 6 May 2021 <!-- R-CONTENT -->Excellent treatment, the best dentists in Lanzarote. They have been taking care of my whole family for years.<!-- R-CONTENT --> <img decoding=\"async\" src=\"https:\/\/lh3.googleusercontent.com\/a\/ACg8ocJQ01s78PZo3OXY9UQW21uBO-vqkkvHEtm0XkSeRhtUBbXpnw=s120-c-rp-mo-br100\" alt=\"Arida\u00f1y betancort morales\" \/> Arida\u00f1y betancort morales 11 March 2021 <!-- R-CONTENT -->Super happy, a 10<!-- R-CONTENT --><\/p>","protected":false},"excerpt":{"rendered":"<p>LANZAROTE Dentsana Clinic Cl\u00ednica dental en Costa Teguise Cont\u00e1ctanos Urgencias dentales Tu cl\u00ednica dental de confianza En Dentsana Clinic, tu salud bucal es nuestra prioridad. Ubicados<span class=\"excerpt-hellip\"> [\u2026]<\/span><\/p>\n","protected":false},"author":1,"featured_media":148,"parent":0,"menu_order":0,"comment_status":"open","ping_status":"closed","template":"","meta":{"footnotes":""},"class_list":["post-2","page","type-page","status-publish","has-post-thumbnail","hentry"],"mfn_single-post_template":null,"mfn-post-intro":null,"mfn-post-hide-image":null,"mfn-post-love":null,"_elementor_template_type":null,"_elementor_version":null,"mfn-post-template":null,"_yoast_wpseo_primary_category":null,"mfn-post-header-bg":null,"yoast_head":"<!-- This site is optimized with the Yoast SEO plugin v27.3 - https:\/\/yoast.com\/product\/yoast-seo-wordpress\/ -->\n<title>Cl\u00ednica Dental en Costa Teguise | Dentsana Clinic<\/title>\n<meta name=\"description\" content=\"Cuidamos tu sonrisa en Lanzarote con un trato cercano, tecnolog\u00eda avanzada y especialistas en salud dental. Pide cita hoy en Dentsana Clinic\" \/>\n<meta name=\"robots\" content=\"index, follow, max-snippet:-1, max-image-preview:large, max-video-preview:-1\" \/>\n<link rel=\"canonical\" href=\"https:\/\/dentsanaclinic.com\/en\/\" \/>\n<meta property=\"og:locale\" content=\"en_GB\" \/>\n<meta property=\"og:type\" content=\"article\" \/>\n<meta property=\"og:title\" content=\"Cl\u00ednica Dental en Costa Teguise | Dentsana Clinic\" \/>\n<meta property=\"og:description\" content=\"Cuidamos tu sonrisa en Lanzarote con un trato cercano, tecnolog\u00eda avanzada y especialistas en salud dental. Pide cita hoy en Dentsana Clinic\" \/>\n<meta property=\"og:url\" content=\"https:\/\/dentsanaclinic.com\/en\/\" \/>\n<meta property=\"og:site_name\" content=\"Dentsana Clinic\" \/>\n<meta property=\"article:modified_time\" content=\"2025-06-17T17:57:10+00:00\" \/>\n<meta property=\"og:image\" content=\"https:\/\/dentsanaclinic.com\/wp-content\/uploads\/2024\/05\/box-vacio.jpg\" \/>\n\t<meta property=\"og:image:width\" content=\"1600\" \/>\n\t<meta property=\"og:image:height\" content=\"1068\" \/>\n\t<meta property=\"og:image:type\" content=\"image\/jpeg\" \/>\n<meta name=\"twitter:card\" content=\"summary_large_image\" \/>\n<meta name=\"twitter:label1\" content=\"Estimated reading time\" \/>\n\t<meta name=\"twitter:data1\" content=\"9 minutes\" \/>\n<script type=\"application\/ld+json\" class=\"yoast-schema-graph\">{\"@context\":\"https:\\\/\\\/schema.org\",\"@graph\":[{\"@type\":\"WebPage\",\"@id\":\"https:\\\/\\\/dentsanaclinic.com\\\/\",\"url\":\"https:\\\/\\\/dentsanaclinic.com\\\/\",\"name\":\"Cl\u00ednica Dental en Costa Teguise | Dentsana Clinic\",\"isPartOf\":{\"@id\":\"https:\\\/\\\/dentsanaclinic.com\\\/#website\"},\"primaryImageOfPage\":{\"@id\":\"https:\\\/\\\/dentsanaclinic.com\\\/#primaryimage\"},\"image\":{\"@id\":\"https:\\\/\\\/dentsanaclinic.com\\\/#primaryimage\"},\"thumbnailUrl\":\"https:\\\/\\\/dentsanaclinic.com\\\/wp-content\\\/uploads\\\/2024\\\/05\\\/box-vacio.jpg\",\"datePublished\":\"2024-05-15T12:33:56+00:00\",\"dateModified\":\"2025-06-17T17:57:10+00:00\",\"description\":\"Cuidamos tu sonrisa en Lanzarote con un trato cercano, tecnolog\u00eda avanzada y especialistas en salud dental. Pide cita hoy en Dentsana Clinic\",\"breadcrumb\":{\"@id\":\"https:\\\/\\\/dentsanaclinic.com\\\/#breadcrumb\"},\"inLanguage\":\"en-GB\",\"potentialAction\":[{\"@type\":\"ReadAction\",\"target\":[\"https:\\\/\\\/dentsanaclinic.com\\\/\"]}]},{\"@type\":\"ImageObject\",\"inLanguage\":\"en-GB\",\"@id\":\"https:\\\/\\\/dentsanaclinic.com\\\/#primaryimage\",\"url\":\"https:\\\/\\\/dentsanaclinic.com\\\/wp-content\\\/uploads\\\/2024\\\/05\\\/box-vacio.jpg\",\"contentUrl\":\"https:\\\/\\\/dentsanaclinic.com\\\/wp-content\\\/uploads\\\/2024\\\/05\\\/box-vacio.jpg\",\"width\":1600,\"height\":1068,\"caption\":\"Cl\u00ednica dental con atenci\u00f3n de urgencias en Lanzarote\"},{\"@type\":\"BreadcrumbList\",\"@id\":\"https:\\\/\\\/dentsanaclinic.com\\\/#breadcrumb\",\"itemListElement\":[{\"@type\":\"ListItem\",\"position\":1,\"name\":\"Portada\",\"item\":\"https:\\\/\\\/dentsanaclinic.com\\\/\"},{\"@type\":\"ListItem\",\"position\":2,\"name\":\"Inicio\"}]},{\"@type\":\"WebSite\",\"@id\":\"https:\\\/\\\/dentsanaclinic.com\\\/#website\",\"url\":\"https:\\\/\\\/dentsanaclinic.com\\\/\",\"name\":\"Dentsana Clinic\",\"description\":\"Clinica dental en Costa Teguise, Dentsana Clinic\",\"publisher\":{\"@id\":\"https:\\\/\\\/dentsanaclinic.com\\\/#organization\"},\"alternateName\":\"Clinica dental Dentsana\",\"potentialAction\":[{\"@type\":\"SearchAction\",\"target\":{\"@type\":\"EntryPoint\",\"urlTemplate\":\"https:\\\/\\\/dentsanaclinic.com\\\/?s={search_term_string}\"},\"query-input\":{\"@type\":\"PropertyValueSpecification\",\"valueRequired\":true,\"valueName\":\"search_term_string\"}}],\"inLanguage\":\"en-GB\"},{\"@type\":\"Organization\",\"@id\":\"https:\\\/\\\/dentsanaclinic.com\\\/#organization\",\"name\":\"Dentsana Clinic\",\"url\":\"https:\\\/\\\/dentsanaclinic.com\\\/\",\"logo\":{\"@type\":\"ImageObject\",\"inLanguage\":\"en-GB\",\"@id\":\"https:\\\/\\\/dentsanaclinic.com\\\/#\\\/schema\\\/logo\\\/image\\\/\",\"url\":\"https:\\\/\\\/dentsanaclinic.com\\\/wp-content\\\/uploads\\\/2024\\\/05\\\/logo-dentsana.png\",\"contentUrl\":\"https:\\\/\\\/dentsanaclinic.com\\\/wp-content\\\/uploads\\\/2024\\\/05\\\/logo-dentsana.png\",\"width\":792,\"height\":150,\"caption\":\"Dentsana Clinic\"},\"image\":{\"@id\":\"https:\\\/\\\/dentsanaclinic.com\\\/#\\\/schema\\\/logo\\\/image\\\/\"}}]}<\/script>\n<!-- \/ Yoast SEO plugin. -->","yoast_head_json":{"title":"Dental Clinic in Costa Teguise | Dentsana Clinic","description":"We take care of your smile in Lanzarote with a friendly treatment, advanced technology and specialists in dental health. Make an appointment today at Dentsana Clinic","robots":{"index":"index","follow":"follow","max-snippet":"max-snippet:-1","max-image-preview":"max-image-preview:large","max-video-preview":"max-video-preview:-1"},"canonical":"https:\/\/dentsanaclinic.com\/en\/","og_locale":"en_GB","og_type":"article","og_title":"Cl\u00ednica Dental en Costa Teguise | Dentsana Clinic","og_description":"Cuidamos tu sonrisa en Lanzarote con un trato cercano, tecnolog\u00eda avanzada y especialistas en salud dental. Pide cita hoy en Dentsana Clinic","og_url":"https:\/\/dentsanaclinic.com\/en\/","og_site_name":"Dentsana Clinic","article_modified_time":"2025-06-17T17:57:10+00:00","og_image":[{"width":1600,"height":1068,"url":"https:\/\/dentsanaclinic.com\/wp-content\/uploads\/2024\/05\/box-vacio.jpg","type":"image\/jpeg"}],"twitter_card":"summary_large_image","twitter_misc":{"Estimated reading time":"9 minutes"},"schema":{"@context":"https:\/\/schema.org","@graph":[{"@type":"WebPage","@id":"https:\/\/dentsanaclinic.com\/","url":"https:\/\/dentsanaclinic.com\/","name":"Dental Clinic in Costa Teguise | Dentsana Clinic","isPartOf":{"@id":"https:\/\/dentsanaclinic.com\/#website"},"primaryImageOfPage":{"@id":"https:\/\/dentsanaclinic.com\/#primaryimage"},"image":{"@id":"https:\/\/dentsanaclinic.com\/#primaryimage"},"thumbnailUrl":"https:\/\/dentsanaclinic.com\/wp-content\/uploads\/2024\/05\/box-vacio.jpg","datePublished":"2024-05-15T12:33:56+00:00","dateModified":"2025-06-17T17:57:10+00:00","description":"We take care of your smile in Lanzarote with a friendly treatment, advanced technology and specialists in dental health. Make an appointment today at Dentsana Clinic","breadcrumb":{"@id":"https:\/\/dentsanaclinic.com\/#breadcrumb"},"inLanguage":"en-GB","potentialAction":[{"@type":"ReadAction","target":["https:\/\/dentsanaclinic.com\/"]}]},{"@type":"ImageObject","inLanguage":"en-GB","@id":"https:\/\/dentsanaclinic.com\/#primaryimage","url":"https:\/\/dentsanaclinic.com\/wp-content\/uploads\/2024\/05\/box-vacio.jpg","contentUrl":"https:\/\/dentsanaclinic.com\/wp-content\/uploads\/2024\/05\/box-vacio.jpg","width":1600,"height":1068,"caption":"Cl\u00ednica dental con atenci\u00f3n de urgencias en Lanzarote"},{"@type":"BreadcrumbList","@id":"https:\/\/dentsanaclinic.com\/#breadcrumb","itemListElement":[{"@type":"ListItem","position":1,"name":"Portada","item":"https:\/\/dentsanaclinic.com\/"},{"@type":"ListItem","position":2,"name":"Inicio"}]},{"@type":"WebSite","@id":"https:\/\/dentsanaclinic.com\/#website","url":"https:\/\/dentsanaclinic.com\/","name":"Dentsana Clinic","description":"Dental clinic in Costa Teguise, Dentsana Clinic","publisher":{"@id":"https:\/\/dentsanaclinic.com\/#organization"},"alternateName":"Clinica dental Dentsana","potentialAction":[{"@type":"SearchAction","target":{"@type":"EntryPoint","urlTemplate":"https:\/\/dentsanaclinic.com\/?s={search_term_string}"},"query-input":{"@type":"PropertyValueSpecification","valueRequired":true,"valueName":"search_term_string"}}],"inLanguage":"en-GB"},{"@type":"Organization","@id":"https:\/\/dentsanaclinic.com\/#organization","name":"Dentsana Clinic","url":"https:\/\/dentsanaclinic.com\/","logo":{"@type":"ImageObject","inLanguage":"en-GB","@id":"https:\/\/dentsanaclinic.com\/#\/schema\/logo\/image\/","url":"https:\/\/dentsanaclinic.com\/wp-content\/uploads\/2024\/05\/logo-dentsana.png","contentUrl":"https:\/\/dentsanaclinic.com\/wp-content\/uploads\/2024\/05\/logo-dentsana.png","width":792,"height":150,"caption":"Dentsana Clinic"},"image":{"@id":"https:\/\/dentsanaclinic.com\/#\/schema\/logo\/image\/"}}]}},"_links":{"self":[{"href":"https:\/\/dentsanaclinic.com\/en\/wp-json\/wp\/v2\/pages\/2","targetHints":{"allow":["GET"]}}],"collection":[{"href":"https:\/\/dentsanaclinic.com\/en\/wp-json\/wp\/v2\/pages"}],"about":[{"href":"https:\/\/dentsanaclinic.com\/en\/wp-json\/wp\/v2\/types\/page"}],"author":[{"embeddable":true,"href":"https:\/\/dentsanaclinic.com\/en\/wp-json\/wp\/v2\/users\/1"}],"replies":[{"embeddable":true,"href":"https:\/\/dentsanaclinic.com\/en\/wp-json\/wp\/v2\/comments?post=2"}],"version-history":[{"count":4,"href":"https:\/\/dentsanaclinic.com\/en\/wp-json\/wp\/v2\/pages\/2\/revisions"}],"predecessor-version":[{"id":300,"href":"https:\/\/dentsanaclinic.com\/en\/wp-json\/wp\/v2\/pages\/2\/revisions\/300"}],"wp:featuredmedia":[{"embeddable":true,"href":"https:\/\/dentsanaclinic.com\/en\/wp-json\/wp\/v2\/media\/148"}],"wp:attachment":[{"href":"https:\/\/dentsanaclinic.com\/en\/wp-json\/wp\/v2\/media?parent=2"}],"curies":[{"name":"wp","href":"https:\/\/api.w.org\/{rel}","templated":true}]}}